{"id":804,"date":"2021-10-25T10:05:34","date_gmt":"2021-10-25T10:05:34","guid":{"rendered":"https:\/\/www.cpvenice.com\/venezia-e-dintorni\/venezia\/piazza-san-marco\/"},"modified":"2024-05-02T13:48:54","modified_gmt":"2024-05-02T13:48:54","slug":"place-saint-marc","status":"publish","type":"page","link":"https:\/\/www.cpvenice.com\/fr\/venise-et-ses-environs\/venezia\/place-saint-marc\/","title":{"rendered":"Place Saint-Marc"},"content":{"rendered":"<p><strong>La place Saint-Marc<\/strong>, l&rsquo;une des plus c\u00e9l\u00e8bres d&rsquo;Italie et du monde, a \u00e9t\u00e9 construite au IXe si\u00e8cle et continue de fasciner ses milliers de visiteurs. Outre \u00e0 offrir une <strong>vue imprenable sur le bassin de Saint-Marc <\/strong>, la place accueille \u00e9galement la <strong>basilique Saint-Marc<\/strong>, qui renferme les reliques du saint patron de la ville. Surnomm\u00e9e \u00ab\u00a0L\u2019\u00e9glise d&rsquo;Or\u00a0\u00bb en raison de sa majest\u00e9 et de ses somptueuses mosa\u00efques, la cath\u00e9drale fait partie des incontournables pour ceux qui d\u00e9couvrent Venise pour la premi\u00e8re fois.<\/p>\n<p>Outre la c\u00e9l\u00e8bre basilique, le <strong> Palais des Doges <\/strong>, ancien si\u00e8ge du pouvoir politique de la R\u00e9publique S\u00e9r\u00e9nissime, est \u00e9galement un lieu incontournable, de m\u00eame que la <strong>Tour de l&rsquo;Horloge <\/strong> et les <strong>colonnes de Saint-Marc et de Saint-Th\u00e9odore<\/strong>, qui marquent les portes d&rsquo;entr\u00e9e de la ville pour ceux qui arrivent par la mer.<\/p>\n","protected":false},"excerpt":{"rendered":"<p>La place Saint-Marc, l&rsquo;une des plus c\u00e9l\u00e8bres d&rsquo;Italie et du monde, a \u00e9t\u00e9 construite au IXe si\u00e8cle et continue de fasciner ses milliers de visiteurs. Outre \u00e0 offrir une vue imprenable sur le bassin de Saint-Marc , la place accueille \u00e9galement la basilique Saint-Marc, qui renferme les reliques du saint patron de la ville. Surnomm\u00e9e [&hellip;]<\/p>\n","protected":false},"author":36,"featured_media":0,"parent":801,"menu_order":5,"comment_status":"closed","ping_status":"closed","template":"","meta":{"footnotes":""},"class_list":["post-804","page","type-page","status-publish","hentry"],"yoast_head":"<!-- This site is optimized with the Yoast SEO plugin v26.9 - https:\/\/yoast.com\/product\/yoast-seo-wordpress\/ -->\n<title>Place Saint-Marc \u00e0 Venise | Crowne Plaza Venice East<\/title>\n<meta name=\"description\" content=\"Le c\u0153ur battant de Venise : Place Saint-Marc. Art, Histoire et traditions, c&#039;est l&#039;une des plus belles places du monde. Venise n&#039;est qu&#039;\u00e0 quelques minutes de l&#039;h\u00f4tel.\" \/>\n<meta name=\"robots\" content=\"index, follow, max-snippet:-1, max-image-preview:large, max-video-preview:-1\" \/>\n<link rel=\"canonical\" href=\"https:\/\/www.cpvenice.com\/fr\/venise-et-ses-environs\/venezia\/place-saint-marc\/\" \/>\n<meta property=\"og:locale\" content=\"fr_FR\" \/>\n<meta property=\"og:type\" content=\"article\" \/>\n<meta property=\"og:title\" content=\"Place Saint-Marc \u00e0 Venise | Crowne Plaza Venice East\" \/>\n<meta property=\"og:description\" content=\"Le c\u0153ur battant de Venise : Place Saint-Marc. Art, Histoire et traditions, c&#039;est l&#039;une des plus belles places du monde. Venise n&#039;est qu&#039;\u00e0 quelques minutes de l&#039;h\u00f4tel.\" \/>\n<meta property=\"og:url\" content=\"https:\/\/www.cpvenice.com\/fr\/venise-et-ses-environs\/venezia\/place-saint-marc\/\" \/>\n<meta property=\"og:site_name\" content=\"Crowne Plaza Venice East\" \/>\n<meta property=\"article:modified_time\" content=\"2024-05-02T13:48:54+00:00\" \/>\n<meta property=\"og:image\" content=\"https:\/\/www.cpvenice.com\/wp-content\/uploads\/sites\/365\/2021\/12\/Crowne-Plaza-Venice-East-Rooms-Standard-Room-King-Accessible-bed.jpg\" \/>\n\t<meta property=\"og:image:width\" content=\"2200\" \/>\n\t<meta property=\"og:image:height\" content=\"1200\" \/>\n\t<meta property=\"og:image:type\" content=\"image\/jpeg\" \/>\n<meta name=\"twitter:card\" content=\"summary_large_image\" \/>\n<meta name=\"twitter:label1\" content=\"Dur\u00e9e de lecture estim\u00e9e\" \/>\n\t<meta name=\"twitter:data1\" content=\"1 minute\" \/>\n<script type=\"application\/ld+json\" class=\"yoast-schema-graph\">{\"@context\":\"https:\/\/schema.org\",\"@graph\":[{\"@type\":\"WebPage\",\"@id\":\"https:\/\/www.cpvenice.com\/fr\/venise-et-ses-environs\/venezia\/place-saint-marc\/\",\"url\":\"https:\/\/www.cpvenice.com\/fr\/venise-et-ses-environs\/venezia\/place-saint-marc\/\",\"name\":\"Place Saint-Marc \u00e0 Venise | Crowne Plaza Venice East\",\"isPartOf\":{\"@id\":\"https:\/\/www.cpvenice.com\/fr\/#website\"},\"datePublished\":\"2021-10-25T10:05:34+00:00\",\"dateModified\":\"2024-05-02T13:48:54+00:00\",\"description\":\"Le c\u0153ur battant de Venise : Place Saint-Marc. Art, Histoire et traditions, c'est l'une des plus belles places du monde. Venise n'est qu'\u00e0 quelques minutes de l'h\u00f4tel.\",\"breadcrumb\":{\"@id\":\"https:\/\/www.cpvenice.com\/fr\/venise-et-ses-environs\/venezia\/place-saint-marc\/#breadcrumb\"},\"inLanguage\":\"fr-FR\",\"potentialAction\":[{\"@type\":\"ReadAction\",\"target\":[\"https:\/\/www.cpvenice.com\/fr\/venise-et-ses-environs\/venezia\/place-saint-marc\/\"]}]},{\"@type\":\"BreadcrumbList\",\"@id\":\"https:\/\/www.cpvenice.com\/fr\/venise-et-ses-environs\/venezia\/place-saint-marc\/#breadcrumb\",\"itemListElement\":[{\"@type\":\"ListItem\",\"position\":1,\"name\":\"Home\",\"item\":\"https:\/\/www.cpvenice.com\/fr\/\"},{\"@type\":\"ListItem\",\"position\":2,\"name\":\"Venise et ses environs\",\"item\":\"https:\/\/www.cpvenice.com\/fr\/venise-et-ses-environs\/\"},{\"@type\":\"ListItem\",\"position\":3,\"name\":\"Venise\",\"item\":\"https:\/\/www.cpvenice.com\/fr\/venise-et-ses-environs\/venezia\/\"},{\"@type\":\"ListItem\",\"position\":4,\"name\":\"Place Saint-Marc\"}]},{\"@type\":\"WebSite\",\"@id\":\"https:\/\/www.cpvenice.com\/fr\/#website\",\"url\":\"https:\/\/www.cpvenice.com\/fr\/\",\"name\":\"Crowne Plaza Venice East\",\"description\":\"Just another ms.decms.eu site\",\"potentialAction\":[{\"@type\":\"SearchAction\",\"target\":{\"@type\":\"EntryPoint\",\"urlTemplate\":\"https:\/\/www.cpvenice.com\/fr\/?s={search_term_string}\"},\"query-input\":{\"@type\":\"PropertyValueSpecification\",\"valueRequired\":true,\"valueName\":\"search_term_string\"}}],\"inLanguage\":\"fr-FR\"}]}<\/script>\n<!-- \/ Yoast SEO plugin. -->","yoast_head_json":{"title":"Place Saint-Marc \u00e0 Venise | Crowne Plaza Venice East","description":"Le c\u0153ur battant de Venise : Place Saint-Marc. Art, Histoire et traditions, c'est l'une des plus belles places du monde. Venise n'est qu'\u00e0 quelques minutes de l'h\u00f4tel.","robots":{"index":"index","follow":"follow","max-snippet":"max-snippet:-1","max-image-preview":"max-image-preview:large","max-video-preview":"max-video-preview:-1"},"canonical":"https:\/\/www.cpvenice.com\/fr\/venise-et-ses-environs\/venezia\/place-saint-marc\/","og_locale":"fr_FR","og_type":"article","og_title":"Place Saint-Marc \u00e0 Venise | Crowne Plaza Venice East","og_description":"Le c\u0153ur battant de Venise : Place Saint-Marc. Art, Histoire et traditions, c'est l'une des plus belles places du monde. Venise n'est qu'\u00e0 quelques minutes de l'h\u00f4tel.","og_url":"https:\/\/www.cpvenice.com\/fr\/venise-et-ses-environs\/venezia\/place-saint-marc\/","og_site_name":"Crowne Plaza Venice East","article_modified_time":"2024-05-02T13:48:54+00:00","og_image":[{"width":2200,"height":1200,"url":"https:\/\/www.cpvenice.com\/wp-content\/uploads\/sites\/365\/2021\/12\/Crowne-Plaza-Venice-East-Rooms-Standard-Room-King-Accessible-bed.jpg","type":"image\/jpeg"}],"twitter_card":"summary_large_image","twitter_misc":{"Dur\u00e9e de lecture estim\u00e9e":"1 minute"},"schema":{"@context":"https:\/\/schema.org","@graph":[{"@type":"WebPage","@id":"https:\/\/www.cpvenice.com\/fr\/venise-et-ses-environs\/venezia\/place-saint-marc\/","url":"https:\/\/www.cpvenice.com\/fr\/venise-et-ses-environs\/venezia\/place-saint-marc\/","name":"Place Saint-Marc \u00e0 Venise | Crowne Plaza Venice East","isPartOf":{"@id":"https:\/\/www.cpvenice.com\/fr\/#website"},"datePublished":"2021-10-25T10:05:34+00:00","dateModified":"2024-05-02T13:48:54+00:00","description":"Le c\u0153ur battant de Venise : Place Saint-Marc. Art, Histoire et traditions, c'est l'une des plus belles places du monde. Venise n'est qu'\u00e0 quelques minutes de l'h\u00f4tel.","breadcrumb":{"@id":"https:\/\/www.cpvenice.com\/fr\/venise-et-ses-environs\/venezia\/place-saint-marc\/#breadcrumb"},"inLanguage":"fr-FR","potentialAction":[{"@type":"ReadAction","target":["https:\/\/www.cpvenice.com\/fr\/venise-et-ses-environs\/venezia\/place-saint-marc\/"]}]},{"@type":"BreadcrumbList","@id":"https:\/\/www.cpvenice.com\/fr\/venise-et-ses-environs\/venezia\/place-saint-marc\/#breadcrumb","itemListElement":[{"@type":"ListItem","position":1,"name":"Home","item":"https:\/\/www.cpvenice.com\/fr\/"},{"@type":"ListItem","position":2,"name":"Venise et ses environs","item":"https:\/\/www.cpvenice.com\/fr\/venise-et-ses-environs\/"},{"@type":"ListItem","position":3,"name":"Venise","item":"https:\/\/www.cpvenice.com\/fr\/venise-et-ses-environs\/venezia\/"},{"@type":"ListItem","position":4,"name":"Place Saint-Marc"}]},{"@type":"WebSite","@id":"https:\/\/www.cpvenice.com\/fr\/#website","url":"https:\/\/www.cpvenice.com\/fr\/","name":"Crowne Plaza Venice East","description":"Just another ms.decms.eu site","potentialAction":[{"@type":"SearchAction","target":{"@type":"EntryPoint","urlTemplate":"https:\/\/www.cpvenice.com\/fr\/?s={search_term_string}"},"query-input":{"@type":"PropertyValueSpecification","valueRequired":true,"valueName":"search_term_string"}}],"inLanguage":"fr-FR"}]}},"acf":[],"_links":{"self":[{"href":"https:\/\/www.cpvenice.com\/fr\/wp-json\/wp\/v2\/pages\/804","targetHints":{"allow":["GET"]}}],"collection":[{"href":"https:\/\/www.cpvenice.com\/fr\/wp-json\/wp\/v2\/pages"}],"about":[{"href":"https:\/\/www.cpvenice.com\/fr\/wp-json\/wp\/v2\/types\/page"}],"author":[{"embeddable":true,"href":"https:\/\/www.cpvenice.com\/fr\/wp-json\/wp\/v2\/users\/36"}],"replies":[{"embeddable":true,"href":"https:\/\/www.cpvenice.com\/fr\/wp-json\/wp\/v2\/comments?post=804"}],"version-history":[{"count":0,"href":"https:\/\/www.cpvenice.com\/fr\/wp-json\/wp\/v2\/pages\/804\/revisions"}],"up":[{"embeddable":true,"href":"https:\/\/www.cpvenice.com\/fr\/wp-json\/wp\/v2\/pages\/801"}],"wp:attachment":[{"href":"https:\/\/www.cpvenice.com\/fr\/wp-json\/wp\/v2\/media?parent=804"}],"curies":[{"name":"wp","href":"https:\/\/api.w.org\/{rel}","templated":true}]}}