{"id":806,"date":"2021-10-25T10:10:21","date_gmt":"2021-10-25T10:10:21","guid":{"rendered":"https:\/\/www.cpvenice.com\/venezia-e-dintorni\/venezia\/palazzo-ducale\/"},"modified":"2024-05-02T13:49:15","modified_gmt":"2024-05-02T13:49:15","slug":"palazzo-ducale","status":"publish","type":"page","link":"https:\/\/www.cpvenice.com\/fr\/venise-et-ses-environs\/venezia\/palazzo-ducale\/","title":{"rendered":"Palais des Doges"},"content":{"rendered":"<p>Autre site \u00e0 ne pas manquer lors de votre prochain voyage \u00e0 Venise, le Palais des Doges est le plus c\u00e9l\u00e8bre et le <strong>plus ancien des b\u00e2timents situ\u00e9s place Saint-Marc<\/strong>.<\/p>\n<p>Splendide exemple d&rsquo;architecture gothique, le Palais des Doges a chang\u00e9 plusieurs fois de fonction au cours des si\u00e8cles : d&rsquo;abord <strong>si\u00e8ge du pouvoir politique \u00e0 l&rsquo;\u00e9poque de la R\u00e9publique S\u00e9r\u00e9nissime<\/strong> il est devenu, avec l&rsquo;av\u00e8nement de la domination fran\u00e7aise puis autrichienne, le si\u00e8ge de bureaux administratifs, pour \u00eatre ensuite reconverti en si\u00e8ge de la Biblioth\u00e8que Marciana et enfin, de 1996 \u00e0 aujourd&rsquo;hui, en un <strong>splendide mus\u00e9e <\/strong> qu\u2019il faut absolument visiter.<\/p>\n<p>Enfin, ne pas oublier le <strong>Pont des Soupirs<\/strong>, tr\u00e8s photographi\u00e9, qui fait partie du complexe du Palais des Doges. Mais ne vous fiez pas au nom qui peut sembler romantique, rien n&rsquo;est plus trompeur : les fameux soupirs ne sont pas ceux d&rsquo;un amoureux transi. En effet, le pont des Soupirs \u00e9tait le passage s\u00e9curis\u00e9 entre le palais des Doges et le b\u00e2timent voisin qui abritait<strong> les prisons! <\/strong><\/p>\n","protected":false},"excerpt":{"rendered":"<p>Autre site \u00e0 ne pas manquer lors de votre prochain voyage \u00e0 Venise, le Palais des Doges est le plus c\u00e9l\u00e8bre et le plus ancien des b\u00e2timents situ\u00e9s place Saint-Marc. Splendide exemple d&rsquo;architecture gothique, le Palais des Doges a chang\u00e9 plusieurs fois de fonction au cours des si\u00e8cles : d&rsquo;abord si\u00e8ge du pouvoir politique \u00e0 [&hellip;]<\/p>\n","protected":false},"author":36,"featured_media":0,"parent":801,"menu_order":10,"comment_status":"closed","ping_status":"closed","template":"","meta":{"footnotes":""},"class_list":["post-806","page","type-page","status-publish","hentry"],"yoast_head":"<!-- This site is optimized with the Yoast SEO plugin v26.9 - https:\/\/yoast.com\/product\/yoast-seo-wordpress\/ -->\n<title>Palais des Doges : expositions | Crowne Plaza Venice<\/title>\n<meta name=\"description\" content=\"L&#039;ancien si\u00e8ge du Doge est l&#039;un des sites les plus embl\u00e9matiques de Venise. Il abrite des \u0153uvres des plus grands peintres v\u00e9nitiens comme Le Tintoret, Tiepolo et Titien.\" \/>\n<meta name=\"robots\" content=\"index, follow, max-snippet:-1, max-image-preview:large, max-video-preview:-1\" \/>\n<link rel=\"canonical\" href=\"https:\/\/www.cpvenice.com\/fr\/venise-et-ses-environs\/venezia\/palazzo-ducale\/\" \/>\n<meta property=\"og:locale\" content=\"fr_FR\" \/>\n<meta property=\"og:type\" content=\"article\" \/>\n<meta property=\"og:title\" content=\"Palais des Doges : expositions | Crowne Plaza Venice\" \/>\n<meta property=\"og:description\" content=\"L&#039;ancien si\u00e8ge du Doge est l&#039;un des sites les plus embl\u00e9matiques de Venise. Il abrite des \u0153uvres des plus grands peintres v\u00e9nitiens comme Le Tintoret, Tiepolo et Titien.\" \/>\n<meta property=\"og:url\" content=\"https:\/\/www.cpvenice.com\/fr\/venise-et-ses-environs\/venezia\/palazzo-ducale\/\" \/>\n<meta property=\"og:site_name\" content=\"Crowne Plaza Venice East\" \/>\n<meta property=\"article:modified_time\" content=\"2024-05-02T13:49:15+00:00\" \/>\n<meta property=\"og:image\" content=\"https:\/\/www.cpvenice.com\/wp-content\/uploads\/sites\/365\/2021\/12\/Crowne-Plaza-Venice-East-Rooms-Standard-Room-King-Accessible-bed.jpg\" \/>\n\t<meta property=\"og:image:width\" content=\"2200\" \/>\n\t<meta property=\"og:image:height\" content=\"1200\" \/>\n\t<meta property=\"og:image:type\" content=\"image\/jpeg\" \/>\n<meta name=\"twitter:card\" content=\"summary_large_image\" \/>\n<meta name=\"twitter:label1\" content=\"Dur\u00e9e de lecture estim\u00e9e\" \/>\n\t<meta name=\"twitter:data1\" content=\"1 minute\" \/>\n<script type=\"application\/ld+json\" class=\"yoast-schema-graph\">{\"@context\":\"https:\/\/schema.org\",\"@graph\":[{\"@type\":\"WebPage\",\"@id\":\"https:\/\/www.cpvenice.com\/fr\/venise-et-ses-environs\/venezia\/palazzo-ducale\/\",\"url\":\"https:\/\/www.cpvenice.com\/fr\/venise-et-ses-environs\/venezia\/palazzo-ducale\/\",\"name\":\"Palais des Doges : expositions | Crowne Plaza Venice\",\"isPartOf\":{\"@id\":\"https:\/\/www.cpvenice.com\/fr\/#website\"},\"datePublished\":\"2021-10-25T10:10:21+00:00\",\"dateModified\":\"2024-05-02T13:49:15+00:00\",\"description\":\"L'ancien si\u00e8ge du Doge est l'un des sites les plus embl\u00e9matiques de Venise. Il abrite des \u0153uvres des plus grands peintres v\u00e9nitiens comme Le Tintoret, Tiepolo et Titien.\",\"breadcrumb\":{\"@id\":\"https:\/\/www.cpvenice.com\/fr\/venise-et-ses-environs\/venezia\/palazzo-ducale\/#breadcrumb\"},\"inLanguage\":\"fr-FR\",\"potentialAction\":[{\"@type\":\"ReadAction\",\"target\":[\"https:\/\/www.cpvenice.com\/fr\/venise-et-ses-environs\/venezia\/palazzo-ducale\/\"]}]},{\"@type\":\"BreadcrumbList\",\"@id\":\"https:\/\/www.cpvenice.com\/fr\/venise-et-ses-environs\/venezia\/palazzo-ducale\/#breadcrumb\",\"itemListElement\":[{\"@type\":\"ListItem\",\"position\":1,\"name\":\"Home\",\"item\":\"https:\/\/www.cpvenice.com\/fr\/\"},{\"@type\":\"ListItem\",\"position\":2,\"name\":\"Venise et ses environs\",\"item\":\"https:\/\/www.cpvenice.com\/fr\/venise-et-ses-environs\/\"},{\"@type\":\"ListItem\",\"position\":3,\"name\":\"Venise\",\"item\":\"https:\/\/www.cpvenice.com\/fr\/venise-et-ses-environs\/venezia\/\"},{\"@type\":\"ListItem\",\"position\":4,\"name\":\"Palais des Doges\"}]},{\"@type\":\"WebSite\",\"@id\":\"https:\/\/www.cpvenice.com\/fr\/#website\",\"url\":\"https:\/\/www.cpvenice.com\/fr\/\",\"name\":\"Crowne Plaza Venice East\",\"description\":\"Just another ms.decms.eu site\",\"potentialAction\":[{\"@type\":\"SearchAction\",\"target\":{\"@type\":\"EntryPoint\",\"urlTemplate\":\"https:\/\/www.cpvenice.com\/fr\/?s={search_term_string}\"},\"query-input\":{\"@type\":\"PropertyValueSpecification\",\"valueRequired\":true,\"valueName\":\"search_term_string\"}}],\"inLanguage\":\"fr-FR\"}]}<\/script>\n<!-- \/ Yoast SEO plugin. -->","yoast_head_json":{"title":"Palais des Doges : expositions | Crowne Plaza Venice","description":"L'ancien si\u00e8ge du Doge est l'un des sites les plus embl\u00e9matiques de Venise. Il abrite des \u0153uvres des plus grands peintres v\u00e9nitiens comme Le Tintoret, Tiepolo et Titien.","robots":{"index":"index","follow":"follow","max-snippet":"max-snippet:-1","max-image-preview":"max-image-preview:large","max-video-preview":"max-video-preview:-1"},"canonical":"https:\/\/www.cpvenice.com\/fr\/venise-et-ses-environs\/venezia\/palazzo-ducale\/","og_locale":"fr_FR","og_type":"article","og_title":"Palais des Doges : expositions | Crowne Plaza Venice","og_description":"L'ancien si\u00e8ge du Doge est l'un des sites les plus embl\u00e9matiques de Venise. Il abrite des \u0153uvres des plus grands peintres v\u00e9nitiens comme Le Tintoret, Tiepolo et Titien.","og_url":"https:\/\/www.cpvenice.com\/fr\/venise-et-ses-environs\/venezia\/palazzo-ducale\/","og_site_name":"Crowne Plaza Venice East","article_modified_time":"2024-05-02T13:49:15+00:00","og_image":[{"width":2200,"height":1200,"url":"https:\/\/www.cpvenice.com\/wp-content\/uploads\/sites\/365\/2021\/12\/Crowne-Plaza-Venice-East-Rooms-Standard-Room-King-Accessible-bed.jpg","type":"image\/jpeg"}],"twitter_card":"summary_large_image","twitter_misc":{"Dur\u00e9e de lecture estim\u00e9e":"1 minute"},"schema":{"@context":"https:\/\/schema.org","@graph":[{"@type":"WebPage","@id":"https:\/\/www.cpvenice.com\/fr\/venise-et-ses-environs\/venezia\/palazzo-ducale\/","url":"https:\/\/www.cpvenice.com\/fr\/venise-et-ses-environs\/venezia\/palazzo-ducale\/","name":"Palais des Doges : expositions | Crowne Plaza Venice","isPartOf":{"@id":"https:\/\/www.cpvenice.com\/fr\/#website"},"datePublished":"2021-10-25T10:10:21+00:00","dateModified":"2024-05-02T13:49:15+00:00","description":"L'ancien si\u00e8ge du Doge est l'un des sites les plus embl\u00e9matiques de Venise. Il abrite des \u0153uvres des plus grands peintres v\u00e9nitiens comme Le Tintoret, Tiepolo et Titien.","breadcrumb":{"@id":"https:\/\/www.cpvenice.com\/fr\/venise-et-ses-environs\/venezia\/palazzo-ducale\/#breadcrumb"},"inLanguage":"fr-FR","potentialAction":[{"@type":"ReadAction","target":["https:\/\/www.cpvenice.com\/fr\/venise-et-ses-environs\/venezia\/palazzo-ducale\/"]}]},{"@type":"BreadcrumbList","@id":"https:\/\/www.cpvenice.com\/fr\/venise-et-ses-environs\/venezia\/palazzo-ducale\/#breadcrumb","itemListElement":[{"@type":"ListItem","position":1,"name":"Home","item":"https:\/\/www.cpvenice.com\/fr\/"},{"@type":"ListItem","position":2,"name":"Venise et ses environs","item":"https:\/\/www.cpvenice.com\/fr\/venise-et-ses-environs\/"},{"@type":"ListItem","position":3,"name":"Venise","item":"https:\/\/www.cpvenice.com\/fr\/venise-et-ses-environs\/venezia\/"},{"@type":"ListItem","position":4,"name":"Palais des Doges"}]},{"@type":"WebSite","@id":"https:\/\/www.cpvenice.com\/fr\/#website","url":"https:\/\/www.cpvenice.com\/fr\/","name":"Crowne Plaza Venice East","description":"Just another ms.decms.eu site","potentialAction":[{"@type":"SearchAction","target":{"@type":"EntryPoint","urlTemplate":"https:\/\/www.cpvenice.com\/fr\/?s={search_term_string}"},"query-input":{"@type":"PropertyValueSpecification","valueRequired":true,"valueName":"search_term_string"}}],"inLanguage":"fr-FR"}]}},"acf":[],"_links":{"self":[{"href":"https:\/\/www.cpvenice.com\/fr\/wp-json\/wp\/v2\/pages\/806","targetHints":{"allow":["GET"]}}],"collection":[{"href":"https:\/\/www.cpvenice.com\/fr\/wp-json\/wp\/v2\/pages"}],"about":[{"href":"https:\/\/www.cpvenice.com\/fr\/wp-json\/wp\/v2\/types\/page"}],"author":[{"embeddable":true,"href":"https:\/\/www.cpvenice.com\/fr\/wp-json\/wp\/v2\/users\/36"}],"replies":[{"embeddable":true,"href":"https:\/\/www.cpvenice.com\/fr\/wp-json\/wp\/v2\/comments?post=806"}],"version-history":[{"count":0,"href":"https:\/\/www.cpvenice.com\/fr\/wp-json\/wp\/v2\/pages\/806\/revisions"}],"up":[{"embeddable":true,"href":"https:\/\/www.cpvenice.com\/fr\/wp-json\/wp\/v2\/pages\/801"}],"wp:attachment":[{"href":"https:\/\/www.cpvenice.com\/fr\/wp-json\/wp\/v2\/media?parent=806"}],"curies":[{"name":"wp","href":"https:\/\/api.w.org\/{rel}","templated":true}]}}