{"id":810,"date":"2021-10-25T10:20:46","date_gmt":"2021-10-25T10:20:46","guid":{"rendered":"https:\/\/www.cpvenice.com\/venezia-e-dintorni\/venezia\/murano-burano-e-torcello\/"},"modified":"2024-04-29T14:48:23","modified_gmt":"2024-04-29T14:48:23","slug":"murano-burano-e-torcello","status":"publish","type":"page","link":"https:\/\/www.cpvenice.com\/fr\/venise-et-ses-environs\/venezia\/murano-burano-e-torcello\/","title":{"rendered":"Murano, Burano et Torcello"},"content":{"rendered":"<p>Vous restez \u00e0 Venise quelques jours de plus ? Ne manquez pas de visiter les <strong>magnifiques \u00eeles de Murano, Burano et Torcello<\/strong>. Montez \u00e0 bord du vaporetto, l\u2019autobus \u00ab\u00a0aquatique\u00a0\u00bb, et pr\u00e9parez-vous \u00e0 d\u00e9couvrir ces \u00eeles enchanteresses qui attirent chaque ann\u00e9e des visiteurs du monde entier. <\/p>\n<p><strong>\u00c0 Murano<\/strong> vous serez fascin\u00e9 par l\u2019art ancestral du <strong>soufflage du verre<\/strong>: vous d\u00e9couvrirez le travail des ma\u00eetres-verriers, qui fa\u00e7onnent ce mat\u00e9riau pour en faire de merveilleuses cr\u00e9ations originales.<\/p>\n<p><strong>Burano<\/strong> vous enchantera par <strong>ses maisons multicolores et sa tradition de la dentelle<\/strong> fl\u00e2nez dans les ruelles de cette petite \u00eele de charme, et laissez-vous inspirer par chaque coin de rue pour prendre la photo parfaite ! <\/p>\n<p><strong>Torcello<\/strong> vous surprendra par ses origines ancestrales : c&rsquo;est \u00e0 Torcello que les habitants de l&rsquo;arri\u00e8re-pays choisirent d&rsquo;\u00e9tablir l&rsquo;une des premi\u00e8res colonies lagunaires apr\u00e8s les invasions barbares.<\/p>\n","protected":false},"excerpt":{"rendered":"<p>Vous restez \u00e0 Venise quelques jours de plus ? Ne manquez pas de visiter les magnifiques \u00eeles de Murano, Burano et Torcello. Montez \u00e0 bord du vaporetto, l\u2019autobus \u00ab\u00a0aquatique\u00a0\u00bb, et pr\u00e9parez-vous \u00e0 d\u00e9couvrir ces \u00eeles enchanteresses qui attirent chaque ann\u00e9e des visiteurs du monde entier. \u00c0 Murano vous serez fascin\u00e9 par l\u2019art ancestral du soufflage [&hellip;]<\/p>\n","protected":false},"author":36,"featured_media":0,"parent":801,"menu_order":20,"comment_status":"closed","ping_status":"closed","template":"","meta":{"footnotes":""},"class_list":["post-810","page","type-page","status-publish","hentry"],"yoast_head":"<!-- This site is optimized with the Yoast SEO plugin v26.9 - https:\/\/yoast.com\/product\/yoast-seo-wordpress\/ -->\n<title>Visitare Murano, Burano e Torcello | Hotel Crowne Plaza Venice<\/title>\n<meta name=\"description\" content=\"Le storiche vetrerie di Murano, le tradizionali case colorate di Burano e il patrimonio storico di Torcello. Un affascinante tour da non perdere!\" \/>\n<meta name=\"robots\" content=\"index, follow, max-snippet:-1, max-image-preview:large, max-video-preview:-1\" \/>\n<link rel=\"canonical\" href=\"https:\/\/www.cpvenice.com\/fr\/venise-et-ses-environs\/venezia\/murano-burano-e-torcello\/\" \/>\n<meta property=\"og:locale\" content=\"fr_FR\" \/>\n<meta property=\"og:type\" content=\"article\" \/>\n<meta property=\"og:title\" content=\"Visitare Murano, Burano e Torcello | Hotel Crowne Plaza Venice\" \/>\n<meta property=\"og:description\" content=\"Le storiche vetrerie di Murano, le tradizionali case colorate di Burano e il patrimonio storico di Torcello. Un affascinante tour da non perdere!\" \/>\n<meta property=\"og:url\" content=\"https:\/\/www.cpvenice.com\/fr\/venise-et-ses-environs\/venezia\/murano-burano-e-torcello\/\" \/>\n<meta property=\"og:site_name\" content=\"Crowne Plaza Venice East\" \/>\n<meta property=\"article:modified_time\" content=\"2024-04-29T14:48:23+00:00\" \/>\n<meta property=\"og:image\" content=\"https:\/\/www.cpvenice.com\/wp-content\/uploads\/sites\/365\/2021\/12\/Crowne-Plaza-Venice-East-Rooms-Standard-Room-King-Accessible-bed.jpg\" \/>\n\t<meta property=\"og:image:width\" content=\"2200\" \/>\n\t<meta property=\"og:image:height\" content=\"1200\" \/>\n\t<meta property=\"og:image:type\" content=\"image\/jpeg\" \/>\n<meta name=\"twitter:card\" content=\"summary_large_image\" \/>\n<meta name=\"twitter:label1\" content=\"Dur\u00e9e de lecture estim\u00e9e\" \/>\n\t<meta name=\"twitter:data1\" content=\"1 minute\" \/>\n<script type=\"application\/ld+json\" class=\"yoast-schema-graph\">{\"@context\":\"https:\/\/schema.org\",\"@graph\":[{\"@type\":\"WebPage\",\"@id\":\"https:\/\/www.cpvenice.com\/fr\/venise-et-ses-environs\/venezia\/murano-burano-e-torcello\/\",\"url\":\"https:\/\/www.cpvenice.com\/fr\/venise-et-ses-environs\/venezia\/murano-burano-e-torcello\/\",\"name\":\"Visitare Murano, Burano e Torcello | Hotel Crowne Plaza Venice\",\"isPartOf\":{\"@id\":\"https:\/\/www.cpvenice.com\/fr\/#website\"},\"datePublished\":\"2021-10-25T10:20:46+00:00\",\"dateModified\":\"2024-04-29T14:48:23+00:00\",\"description\":\"Le storiche vetrerie di Murano, le tradizionali case colorate di Burano e il patrimonio storico di Torcello. Un affascinante tour da non perdere!\",\"breadcrumb\":{\"@id\":\"https:\/\/www.cpvenice.com\/fr\/venise-et-ses-environs\/venezia\/murano-burano-e-torcello\/#breadcrumb\"},\"inLanguage\":\"fr-FR\",\"potentialAction\":[{\"@type\":\"ReadAction\",\"target\":[\"https:\/\/www.cpvenice.com\/fr\/venise-et-ses-environs\/venezia\/murano-burano-e-torcello\/\"]}]},{\"@type\":\"BreadcrumbList\",\"@id\":\"https:\/\/www.cpvenice.com\/fr\/venise-et-ses-environs\/venezia\/murano-burano-e-torcello\/#breadcrumb\",\"itemListElement\":[{\"@type\":\"ListItem\",\"position\":1,\"name\":\"Home\",\"item\":\"https:\/\/www.cpvenice.com\/fr\/\"},{\"@type\":\"ListItem\",\"position\":2,\"name\":\"Venise et ses environs\",\"item\":\"https:\/\/www.cpvenice.com\/fr\/venise-et-ses-environs\/\"},{\"@type\":\"ListItem\",\"position\":3,\"name\":\"Venise\",\"item\":\"https:\/\/www.cpvenice.com\/fr\/venise-et-ses-environs\/venezia\/\"},{\"@type\":\"ListItem\",\"position\":4,\"name\":\"Murano, Burano et Torcello\"}]},{\"@type\":\"WebSite\",\"@id\":\"https:\/\/www.cpvenice.com\/fr\/#website\",\"url\":\"https:\/\/www.cpvenice.com\/fr\/\",\"name\":\"Crowne Plaza Venice East\",\"description\":\"Just another ms.decms.eu site\",\"potentialAction\":[{\"@type\":\"SearchAction\",\"target\":{\"@type\":\"EntryPoint\",\"urlTemplate\":\"https:\/\/www.cpvenice.com\/fr\/?s={search_term_string}\"},\"query-input\":{\"@type\":\"PropertyValueSpecification\",\"valueRequired\":true,\"valueName\":\"search_term_string\"}}],\"inLanguage\":\"fr-FR\"}]}<\/script>\n<!-- \/ Yoast SEO plugin. -->","yoast_head_json":{"title":"Visitare Murano, Burano e Torcello | Hotel Crowne Plaza Venice","description":"Le storiche vetrerie di Murano, le tradizionali case colorate di Burano e il patrimonio storico di Torcello. Un affascinante tour da non perdere!","robots":{"index":"index","follow":"follow","max-snippet":"max-snippet:-1","max-image-preview":"max-image-preview:large","max-video-preview":"max-video-preview:-1"},"canonical":"https:\/\/www.cpvenice.com\/fr\/venise-et-ses-environs\/venezia\/murano-burano-e-torcello\/","og_locale":"fr_FR","og_type":"article","og_title":"Visitare Murano, Burano e Torcello | Hotel Crowne Plaza Venice","og_description":"Le storiche vetrerie di Murano, le tradizionali case colorate di Burano e il patrimonio storico di Torcello. Un affascinante tour da non perdere!","og_url":"https:\/\/www.cpvenice.com\/fr\/venise-et-ses-environs\/venezia\/murano-burano-e-torcello\/","og_site_name":"Crowne Plaza Venice East","article_modified_time":"2024-04-29T14:48:23+00:00","og_image":[{"width":2200,"height":1200,"url":"https:\/\/www.cpvenice.com\/wp-content\/uploads\/sites\/365\/2021\/12\/Crowne-Plaza-Venice-East-Rooms-Standard-Room-King-Accessible-bed.jpg","type":"image\/jpeg"}],"twitter_card":"summary_large_image","twitter_misc":{"Dur\u00e9e de lecture estim\u00e9e":"1 minute"},"schema":{"@context":"https:\/\/schema.org","@graph":[{"@type":"WebPage","@id":"https:\/\/www.cpvenice.com\/fr\/venise-et-ses-environs\/venezia\/murano-burano-e-torcello\/","url":"https:\/\/www.cpvenice.com\/fr\/venise-et-ses-environs\/venezia\/murano-burano-e-torcello\/","name":"Visitare Murano, Burano e Torcello | Hotel Crowne Plaza Venice","isPartOf":{"@id":"https:\/\/www.cpvenice.com\/fr\/#website"},"datePublished":"2021-10-25T10:20:46+00:00","dateModified":"2024-04-29T14:48:23+00:00","description":"Le storiche vetrerie di Murano, le tradizionali case colorate di Burano e il patrimonio storico di Torcello. Un affascinante tour da non perdere!","breadcrumb":{"@id":"https:\/\/www.cpvenice.com\/fr\/venise-et-ses-environs\/venezia\/murano-burano-e-torcello\/#breadcrumb"},"inLanguage":"fr-FR","potentialAction":[{"@type":"ReadAction","target":["https:\/\/www.cpvenice.com\/fr\/venise-et-ses-environs\/venezia\/murano-burano-e-torcello\/"]}]},{"@type":"BreadcrumbList","@id":"https:\/\/www.cpvenice.com\/fr\/venise-et-ses-environs\/venezia\/murano-burano-e-torcello\/#breadcrumb","itemListElement":[{"@type":"ListItem","position":1,"name":"Home","item":"https:\/\/www.cpvenice.com\/fr\/"},{"@type":"ListItem","position":2,"name":"Venise et ses environs","item":"https:\/\/www.cpvenice.com\/fr\/venise-et-ses-environs\/"},{"@type":"ListItem","position":3,"name":"Venise","item":"https:\/\/www.cpvenice.com\/fr\/venise-et-ses-environs\/venezia\/"},{"@type":"ListItem","position":4,"name":"Murano, Burano et Torcello"}]},{"@type":"WebSite","@id":"https:\/\/www.cpvenice.com\/fr\/#website","url":"https:\/\/www.cpvenice.com\/fr\/","name":"Crowne Plaza Venice East","description":"Just another ms.decms.eu site","potentialAction":[{"@type":"SearchAction","target":{"@type":"EntryPoint","urlTemplate":"https:\/\/www.cpvenice.com\/fr\/?s={search_term_string}"},"query-input":{"@type":"PropertyValueSpecification","valueRequired":true,"valueName":"search_term_string"}}],"inLanguage":"fr-FR"}]}},"acf":[],"_links":{"self":[{"href":"https:\/\/www.cpvenice.com\/fr\/wp-json\/wp\/v2\/pages\/810","targetHints":{"allow":["GET"]}}],"collection":[{"href":"https:\/\/www.cpvenice.com\/fr\/wp-json\/wp\/v2\/pages"}],"about":[{"href":"https:\/\/www.cpvenice.com\/fr\/wp-json\/wp\/v2\/types\/page"}],"author":[{"embeddable":true,"href":"https:\/\/www.cpvenice.com\/fr\/wp-json\/wp\/v2\/users\/36"}],"replies":[{"embeddable":true,"href":"https:\/\/www.cpvenice.com\/fr\/wp-json\/wp\/v2\/comments?post=810"}],"version-history":[{"count":0,"href":"https:\/\/www.cpvenice.com\/fr\/wp-json\/wp\/v2\/pages\/810\/revisions"}],"up":[{"embeddable":true,"href":"https:\/\/www.cpvenice.com\/fr\/wp-json\/wp\/v2\/pages\/801"}],"wp:attachment":[{"href":"https:\/\/www.cpvenice.com\/fr\/wp-json\/wp\/v2\/media?parent=810"}],"curies":[{"name":"wp","href":"https:\/\/api.w.org\/{rel}","templated":true}]}}