{"id":812,"date":"2022-12-27T18:51:22","date_gmt":"2022-12-27T18:51:22","guid":{"rendered":"https:\/\/www.cpvenice.com\/venezia-e-dintorni\/venezia\/collezione-peggy-guggenheim\/"},"modified":"2024-05-02T13:48:05","modified_gmt":"2024-05-02T13:48:05","slug":"collection-peggy-guggenheim","status":"publish","type":"page","link":"https:\/\/www.cpvenice.com\/fr\/venise-et-ses-environs\/venezia\/collection-peggy-guggenheim\/","title":{"rendered":"Collection Peggy-Guggenheim"},"content":{"rendered":"<p>La collection Peggy Guggenheim est le deuxi\u00e8me mus\u00e9e le plus visit\u00e9 de Venise apr\u00e8s le Palais des Doges et l&rsquo;un des plus importants d&rsquo;Italie pour <strong> l&rsquo;art europ\u00e9en et am\u00e9ricain du XXe si\u00e8cle<\/strong>. Le si\u00e8ge est le merveilleux <strong>Palazzo Venier dei Leoni<\/strong>, dont la construction remonte \u00e0 1748 sous la direction de l&rsquo;architecte Lorenzo Boschetti, une \u0153uvre qui reste \u00e0 ce jour inachev\u00e9e. Le mus\u00e9e pr\u00e9sente une belle fa\u00e7ade de style classique et b\u00e9n\u00e9ficie d&rsquo;une position privil\u00e9gi\u00e9e sur le <strong>Grand Canal<\/strong>.<\/p>\n<p>Le palais \u00e9tait la r\u00e9sidence priv\u00e9e de <strong>Peggy Guggenheim<\/strong>, qui y a organisa sa premi\u00e8re exposition de sculptures contemporaines en 1949. Peggy \u00e9tait l&rsquo;ex-femme du c\u00e9l\u00e8bre artiste surr\u00e9aliste Max Ernst et la ni\u00e8ce du magnat Solomon R. Guggenheim, mais aussi et surtout une grande <strong>passionn\u00e9e d&rsquo;art et une collectionneuse<\/strong>.<\/p>\n<p>Nous lui devons le grand h\u00e9ritage de sa <strong>collection personnelle<\/strong>, donn\u00e9e \u00e0 sa mort \u00e0 la Fondation Solomon R. Guggenheim, laquelle g\u00e8re \u00e9galement les c\u00e9l\u00e8bres mus\u00e9es Guggenheim de New York et de Bilbao.<\/p>\n","protected":false},"excerpt":{"rendered":"<p>La collection Peggy Guggenheim est le deuxi\u00e8me mus\u00e9e le plus visit\u00e9 de Venise apr\u00e8s le Palais des Doges et l&rsquo;un des plus importants d&rsquo;Italie pour l&rsquo;art europ\u00e9en et am\u00e9ricain du XXe si\u00e8cle. Le si\u00e8ge est le merveilleux Palazzo Venier dei Leoni, dont la construction remonte \u00e0 1748 sous la direction de l&rsquo;architecte Lorenzo Boschetti, une [&hellip;]<\/p>\n","protected":false},"author":125,"featured_media":0,"parent":801,"menu_order":0,"comment_status":"closed","ping_status":"closed","template":"template-default-3.php","meta":{"footnotes":""},"class_list":["post-812","page","type-page","status-publish","hentry"],"yoast_head":"<!-- This site is optimized with the Yoast SEO plugin v26.9 - https:\/\/yoast.com\/product\/yoast-seo-wordpress\/ -->\n<title>Collection Peggy-Guggenheim | Crowne Plaza Venice<\/title>\n<meta name=\"description\" content=\"La Collection Peggy-Guggenheim est l&#039;un des mus\u00e9es les plus importants d&#039;Italie pour l&#039;art europ\u00e9en et am\u00e9ricain du XXe si\u00e8cle.\" \/>\n<meta name=\"robots\" content=\"index, follow, max-snippet:-1, max-image-preview:large, max-video-preview:-1\" \/>\n<link rel=\"canonical\" href=\"https:\/\/www.cpvenice.com\/fr\/venise-et-ses-environs\/venezia\/collection-peggy-guggenheim\/\" \/>\n<meta property=\"og:locale\" content=\"fr_FR\" \/>\n<meta property=\"og:type\" content=\"article\" \/>\n<meta property=\"og:title\" content=\"Collection Peggy-Guggenheim | Crowne Plaza Venice\" \/>\n<meta property=\"og:description\" content=\"La Collection Peggy-Guggenheim est l&#039;un des mus\u00e9es les plus importants d&#039;Italie pour l&#039;art europ\u00e9en et am\u00e9ricain du XXe si\u00e8cle.\" \/>\n<meta property=\"og:url\" content=\"https:\/\/www.cpvenice.com\/fr\/venise-et-ses-environs\/venezia\/collection-peggy-guggenheim\/\" \/>\n<meta property=\"og:site_name\" content=\"Crowne Plaza Venice East\" \/>\n<meta property=\"article:modified_time\" content=\"2024-05-02T13:48:05+00:00\" \/>\n<meta property=\"og:image\" content=\"https:\/\/www.cpvenice.com\/wp-content\/uploads\/sites\/365\/2021\/12\/Crowne-Plaza-Venice-East-Rooms-Standard-Room-King-Accessible-bed.jpg\" \/>\n\t<meta property=\"og:image:width\" content=\"2200\" \/>\n\t<meta property=\"og:image:height\" content=\"1200\" \/>\n\t<meta property=\"og:image:type\" content=\"image\/jpeg\" \/>\n<meta name=\"twitter:card\" content=\"summary_large_image\" \/>\n<meta name=\"twitter:label1\" content=\"Dur\u00e9e de lecture estim\u00e9e\" \/>\n\t<meta name=\"twitter:data1\" content=\"1 minute\" \/>\n<script type=\"application\/ld+json\" class=\"yoast-schema-graph\">{\"@context\":\"https:\/\/schema.org\",\"@graph\":[{\"@type\":\"WebPage\",\"@id\":\"https:\/\/www.cpvenice.com\/fr\/venise-et-ses-environs\/venezia\/collection-peggy-guggenheim\/\",\"url\":\"https:\/\/www.cpvenice.com\/fr\/venise-et-ses-environs\/venezia\/collection-peggy-guggenheim\/\",\"name\":\"Collection Peggy-Guggenheim | Crowne Plaza Venice\",\"isPartOf\":{\"@id\":\"https:\/\/www.cpvenice.com\/fr\/#website\"},\"datePublished\":\"2022-12-27T18:51:22+00:00\",\"dateModified\":\"2024-05-02T13:48:05+00:00\",\"description\":\"La Collection Peggy-Guggenheim est l'un des mus\u00e9es les plus importants d'Italie pour l'art europ\u00e9en et am\u00e9ricain du XXe si\u00e8cle.\",\"breadcrumb\":{\"@id\":\"https:\/\/www.cpvenice.com\/fr\/venise-et-ses-environs\/venezia\/collection-peggy-guggenheim\/#breadcrumb\"},\"inLanguage\":\"fr-FR\",\"potentialAction\":[{\"@type\":\"ReadAction\",\"target\":[\"https:\/\/www.cpvenice.com\/fr\/venise-et-ses-environs\/venezia\/collection-peggy-guggenheim\/\"]}]},{\"@type\":\"BreadcrumbList\",\"@id\":\"https:\/\/www.cpvenice.com\/fr\/venise-et-ses-environs\/venezia\/collection-peggy-guggenheim\/#breadcrumb\",\"itemListElement\":[{\"@type\":\"ListItem\",\"position\":1,\"name\":\"Home\",\"item\":\"https:\/\/www.cpvenice.com\/fr\/\"},{\"@type\":\"ListItem\",\"position\":2,\"name\":\"Venise et ses environs\",\"item\":\"https:\/\/www.cpvenice.com\/fr\/venise-et-ses-environs\/\"},{\"@type\":\"ListItem\",\"position\":3,\"name\":\"Venise\",\"item\":\"https:\/\/www.cpvenice.com\/fr\/venise-et-ses-environs\/venezia\/\"},{\"@type\":\"ListItem\",\"position\":4,\"name\":\"Collection Peggy-Guggenheim\"}]},{\"@type\":\"WebSite\",\"@id\":\"https:\/\/www.cpvenice.com\/fr\/#website\",\"url\":\"https:\/\/www.cpvenice.com\/fr\/\",\"name\":\"Crowne Plaza Venice East\",\"description\":\"Just another ms.decms.eu site\",\"potentialAction\":[{\"@type\":\"SearchAction\",\"target\":{\"@type\":\"EntryPoint\",\"urlTemplate\":\"https:\/\/www.cpvenice.com\/fr\/?s={search_term_string}\"},\"query-input\":{\"@type\":\"PropertyValueSpecification\",\"valueRequired\":true,\"valueName\":\"search_term_string\"}}],\"inLanguage\":\"fr-FR\"}]}<\/script>\n<!-- \/ Yoast SEO plugin. -->","yoast_head_json":{"title":"Collection Peggy-Guggenheim | Crowne Plaza Venice","description":"La Collection Peggy-Guggenheim est l'un des mus\u00e9es les plus importants d'Italie pour l'art europ\u00e9en et am\u00e9ricain du XXe si\u00e8cle.","robots":{"index":"index","follow":"follow","max-snippet":"max-snippet:-1","max-image-preview":"max-image-preview:large","max-video-preview":"max-video-preview:-1"},"canonical":"https:\/\/www.cpvenice.com\/fr\/venise-et-ses-environs\/venezia\/collection-peggy-guggenheim\/","og_locale":"fr_FR","og_type":"article","og_title":"Collection Peggy-Guggenheim | Crowne Plaza Venice","og_description":"La Collection Peggy-Guggenheim est l'un des mus\u00e9es les plus importants d'Italie pour l'art europ\u00e9en et am\u00e9ricain du XXe si\u00e8cle.","og_url":"https:\/\/www.cpvenice.com\/fr\/venise-et-ses-environs\/venezia\/collection-peggy-guggenheim\/","og_site_name":"Crowne Plaza Venice East","article_modified_time":"2024-05-02T13:48:05+00:00","og_image":[{"width":2200,"height":1200,"url":"https:\/\/www.cpvenice.com\/wp-content\/uploads\/sites\/365\/2021\/12\/Crowne-Plaza-Venice-East-Rooms-Standard-Room-King-Accessible-bed.jpg","type":"image\/jpeg"}],"twitter_card":"summary_large_image","twitter_misc":{"Dur\u00e9e de lecture estim\u00e9e":"1 minute"},"schema":{"@context":"https:\/\/schema.org","@graph":[{"@type":"WebPage","@id":"https:\/\/www.cpvenice.com\/fr\/venise-et-ses-environs\/venezia\/collection-peggy-guggenheim\/","url":"https:\/\/www.cpvenice.com\/fr\/venise-et-ses-environs\/venezia\/collection-peggy-guggenheim\/","name":"Collection Peggy-Guggenheim | Crowne Plaza Venice","isPartOf":{"@id":"https:\/\/www.cpvenice.com\/fr\/#website"},"datePublished":"2022-12-27T18:51:22+00:00","dateModified":"2024-05-02T13:48:05+00:00","description":"La Collection Peggy-Guggenheim est l'un des mus\u00e9es les plus importants d'Italie pour l'art europ\u00e9en et am\u00e9ricain du XXe si\u00e8cle.","breadcrumb":{"@id":"https:\/\/www.cpvenice.com\/fr\/venise-et-ses-environs\/venezia\/collection-peggy-guggenheim\/#breadcrumb"},"inLanguage":"fr-FR","potentialAction":[{"@type":"ReadAction","target":["https:\/\/www.cpvenice.com\/fr\/venise-et-ses-environs\/venezia\/collection-peggy-guggenheim\/"]}]},{"@type":"BreadcrumbList","@id":"https:\/\/www.cpvenice.com\/fr\/venise-et-ses-environs\/venezia\/collection-peggy-guggenheim\/#breadcrumb","itemListElement":[{"@type":"ListItem","position":1,"name":"Home","item":"https:\/\/www.cpvenice.com\/fr\/"},{"@type":"ListItem","position":2,"name":"Venise et ses environs","item":"https:\/\/www.cpvenice.com\/fr\/venise-et-ses-environs\/"},{"@type":"ListItem","position":3,"name":"Venise","item":"https:\/\/www.cpvenice.com\/fr\/venise-et-ses-environs\/venezia\/"},{"@type":"ListItem","position":4,"name":"Collection Peggy-Guggenheim"}]},{"@type":"WebSite","@id":"https:\/\/www.cpvenice.com\/fr\/#website","url":"https:\/\/www.cpvenice.com\/fr\/","name":"Crowne Plaza Venice East","description":"Just another ms.decms.eu site","potentialAction":[{"@type":"SearchAction","target":{"@type":"EntryPoint","urlTemplate":"https:\/\/www.cpvenice.com\/fr\/?s={search_term_string}"},"query-input":{"@type":"PropertyValueSpecification","valueRequired":true,"valueName":"search_term_string"}}],"inLanguage":"fr-FR"}]}},"acf":[],"_links":{"self":[{"href":"https:\/\/www.cpvenice.com\/fr\/wp-json\/wp\/v2\/pages\/812","targetHints":{"allow":["GET"]}}],"collection":[{"href":"https:\/\/www.cpvenice.com\/fr\/wp-json\/wp\/v2\/pages"}],"about":[{"href":"https:\/\/www.cpvenice.com\/fr\/wp-json\/wp\/v2\/types\/page"}],"author":[{"embeddable":true,"href":"https:\/\/www.cpvenice.com\/fr\/wp-json\/wp\/v2\/users\/125"}],"replies":[{"embeddable":true,"href":"https:\/\/www.cpvenice.com\/fr\/wp-json\/wp\/v2\/comments?post=812"}],"version-history":[{"count":0,"href":"https:\/\/www.cpvenice.com\/fr\/wp-json\/wp\/v2\/pages\/812\/revisions"}],"up":[{"embeddable":true,"href":"https:\/\/www.cpvenice.com\/fr\/wp-json\/wp\/v2\/pages\/801"}],"wp:attachment":[{"href":"https:\/\/www.cpvenice.com\/fr\/wp-json\/wp\/v2\/media?parent=812"}],"curies":[{"name":"wp","href":"https:\/\/api.w.org\/{rel}","templated":true}]}}