{"id":814,"date":"2022-12-27T19:40:26","date_gmt":"2022-12-27T19:40:26","guid":{"rendered":"https:\/\/www.cpvenice.com\/venezia-e-dintorni\/venezia\/teatro-la-fenice\/"},"modified":"2024-05-02T13:48:37","modified_gmt":"2024-05-02T13:48:37","slug":"teatro-la-fenice","status":"publish","type":"page","link":"https:\/\/www.cpvenice.com\/fr\/venise-et-ses-environs\/venezia\/teatro-la-fenice\/","title":{"rendered":"Th\u00e9\u00e2tre La Fenice"},"content":{"rendered":"<p>Situ\u00e9 \u00e0 Campo San Fantin dans le Sestiere de San Marco, le <strong>Th\u00e9\u00e2tre La Fenice<\/strong> est le principal op\u00e9ra de Venise et l&rsquo;<strong>un des plus prestigieux<\/strong> au monde. Son nom ne pourrait \u00eatre plus appropri\u00e9 : comme la cr\u00e9ature mythologique qui rena\u00eet de ses cendres, le th\u00e9\u00e2tre La Fenice est ren\u00e9 des<strong> flammes \u00e0 deux reprises apr\u00e8s deux incendies<\/strong> d\u00e9vastateurs qui l&rsquo;avaient compl\u00e8tement d\u00e9truit. Le premier remonte \u00e0 1836 et avait \u00e9clat\u00e9 suite au mauvais fonctionnement d&rsquo;un po\u00eale, et le second, de nature criminelle, \u00e0 1996.<\/p>\n<p>En 2003, la sc\u00e8ne la plus convoit\u00e9e de Venise rouvre ses portes pour accueillir des op\u00e9ras et des concerts, en conservant le <strong>somptueux style du XVIIIe si\u00e8cle<\/strong> o\u00f9 l&rsquo;or, les velours et les d\u00e9corations contribuent \u00e0 recr\u00e9er l\u2019atmosph\u00e8re \u00e9l\u00e9gante d\u2019autrefois. Apr\u00e8s ces deux incendies, Venise fut anim\u00e9e par un fort d\u00e9sir de restaurer le th\u00e9\u00e2tre dans son antique splendeur, en conservant son <strong>style d&rsquo;origine<\/strong>, \u00e0 l\u2019identique.<\/p>\n<p>Sur le plan architectural, La Fenice est un th\u00e9\u00e2tre classique \u00ab\u00a0\u00e0 l&rsquo;italienne\u00a0\u00bb, avec <strong>cinq rang\u00e9es de loges ferm\u00e9es<\/strong>, conform\u00e9ment \u00e0 la tradition nationale de l&rsquo;\u00e9poque.<\/p>\n","protected":false},"excerpt":{"rendered":"<p>Situ\u00e9 \u00e0 Campo San Fantin dans le Sestiere de San Marco, le Th\u00e9\u00e2tre La Fenice est le principal op\u00e9ra de Venise et l&rsquo;un des plus prestigieux au monde. Son nom ne pourrait \u00eatre plus appropri\u00e9 : comme la cr\u00e9ature mythologique qui rena\u00eet de ses cendres, le th\u00e9\u00e2tre La Fenice est ren\u00e9 des flammes \u00e0 deux [&hellip;]<\/p>\n","protected":false},"author":125,"featured_media":0,"parent":801,"menu_order":0,"comment_status":"closed","ping_status":"closed","template":"template-default-3.php","meta":{"footnotes":""},"class_list":["post-814","page","type-page","status-publish","hentry"],"yoast_head":"<!-- This site is optimized with the Yoast SEO plugin v26.9 - https:\/\/yoast.com\/product\/yoast-seo-wordpress\/ -->\n<title>Visiter Venise : Th\u00e9\u00e2tre La Fenice | Crowne Plaza Venice<\/title>\n<meta name=\"description\" content=\"Le Th\u00e9\u00e2tre La Fenice, apr\u00e8s \u00eatre ren\u00e9 de ses cendres comme la cr\u00e9ature mythologique, est le principal op\u00e9ra de Venise et l&#039;un des plus prestigieux au monde.\" \/>\n<meta name=\"robots\" content=\"index, follow, max-snippet:-1, max-image-preview:large, max-video-preview:-1\" \/>\n<link rel=\"canonical\" href=\"https:\/\/www.cpvenice.com\/fr\/venise-et-ses-environs\/venezia\/teatro-la-fenice\/\" \/>\n<meta property=\"og:locale\" content=\"fr_FR\" \/>\n<meta property=\"og:type\" content=\"article\" \/>\n<meta property=\"og:title\" content=\"Visiter Venise : Th\u00e9\u00e2tre La Fenice | Crowne Plaza Venice\" \/>\n<meta property=\"og:description\" content=\"Le Th\u00e9\u00e2tre La Fenice, apr\u00e8s \u00eatre ren\u00e9 de ses cendres comme la cr\u00e9ature mythologique, est le principal op\u00e9ra de Venise et l&#039;un des plus prestigieux au monde.\" \/>\n<meta property=\"og:url\" content=\"https:\/\/www.cpvenice.com\/fr\/venise-et-ses-environs\/venezia\/teatro-la-fenice\/\" \/>\n<meta property=\"og:site_name\" content=\"Crowne Plaza Venice East\" \/>\n<meta property=\"article:modified_time\" content=\"2024-05-02T13:48:37+00:00\" \/>\n<meta property=\"og:image\" content=\"https:\/\/www.cpvenice.com\/wp-content\/uploads\/sites\/365\/2021\/12\/Crowne-Plaza-Venice-East-Rooms-Standard-Room-King-Accessible-bed.jpg\" \/>\n\t<meta property=\"og:image:width\" content=\"2200\" \/>\n\t<meta property=\"og:image:height\" content=\"1200\" \/>\n\t<meta property=\"og:image:type\" content=\"image\/jpeg\" \/>\n<meta name=\"twitter:card\" content=\"summary_large_image\" \/>\n<meta name=\"twitter:label1\" content=\"Dur\u00e9e de lecture estim\u00e9e\" \/>\n\t<meta name=\"twitter:data1\" content=\"1 minute\" \/>\n<script type=\"application\/ld+json\" class=\"yoast-schema-graph\">{\"@context\":\"https:\/\/schema.org\",\"@graph\":[{\"@type\":\"WebPage\",\"@id\":\"https:\/\/www.cpvenice.com\/fr\/venise-et-ses-environs\/venezia\/teatro-la-fenice\/\",\"url\":\"https:\/\/www.cpvenice.com\/fr\/venise-et-ses-environs\/venezia\/teatro-la-fenice\/\",\"name\":\"Visiter Venise : Th\u00e9\u00e2tre La Fenice | Crowne Plaza Venice\",\"isPartOf\":{\"@id\":\"https:\/\/www.cpvenice.com\/fr\/#website\"},\"datePublished\":\"2022-12-27T19:40:26+00:00\",\"dateModified\":\"2024-05-02T13:48:37+00:00\",\"description\":\"Le Th\u00e9\u00e2tre La Fenice, apr\u00e8s \u00eatre ren\u00e9 de ses cendres comme la cr\u00e9ature mythologique, est le principal op\u00e9ra de Venise et l'un des plus prestigieux au monde.\",\"breadcrumb\":{\"@id\":\"https:\/\/www.cpvenice.com\/fr\/venise-et-ses-environs\/venezia\/teatro-la-fenice\/#breadcrumb\"},\"inLanguage\":\"fr-FR\",\"potentialAction\":[{\"@type\":\"ReadAction\",\"target\":[\"https:\/\/www.cpvenice.com\/fr\/venise-et-ses-environs\/venezia\/teatro-la-fenice\/\"]}]},{\"@type\":\"BreadcrumbList\",\"@id\":\"https:\/\/www.cpvenice.com\/fr\/venise-et-ses-environs\/venezia\/teatro-la-fenice\/#breadcrumb\",\"itemListElement\":[{\"@type\":\"ListItem\",\"position\":1,\"name\":\"Home\",\"item\":\"https:\/\/www.cpvenice.com\/fr\/\"},{\"@type\":\"ListItem\",\"position\":2,\"name\":\"Venise et ses environs\",\"item\":\"https:\/\/www.cpvenice.com\/fr\/venise-et-ses-environs\/\"},{\"@type\":\"ListItem\",\"position\":3,\"name\":\"Venise\",\"item\":\"https:\/\/www.cpvenice.com\/fr\/venise-et-ses-environs\/venezia\/\"},{\"@type\":\"ListItem\",\"position\":4,\"name\":\"Th\u00e9\u00e2tre La Fenice\"}]},{\"@type\":\"WebSite\",\"@id\":\"https:\/\/www.cpvenice.com\/fr\/#website\",\"url\":\"https:\/\/www.cpvenice.com\/fr\/\",\"name\":\"Crowne Plaza Venice East\",\"description\":\"Just another ms.decms.eu site\",\"potentialAction\":[{\"@type\":\"SearchAction\",\"target\":{\"@type\":\"EntryPoint\",\"urlTemplate\":\"https:\/\/www.cpvenice.com\/fr\/?s={search_term_string}\"},\"query-input\":{\"@type\":\"PropertyValueSpecification\",\"valueRequired\":true,\"valueName\":\"search_term_string\"}}],\"inLanguage\":\"fr-FR\"}]}<\/script>\n<!-- \/ Yoast SEO plugin. -->","yoast_head_json":{"title":"Visiter Venise : Th\u00e9\u00e2tre La Fenice | Crowne Plaza Venice","description":"Le Th\u00e9\u00e2tre La Fenice, apr\u00e8s \u00eatre ren\u00e9 de ses cendres comme la cr\u00e9ature mythologique, est le principal op\u00e9ra de Venise et l'un des plus prestigieux au monde.","robots":{"index":"index","follow":"follow","max-snippet":"max-snippet:-1","max-image-preview":"max-image-preview:large","max-video-preview":"max-video-preview:-1"},"canonical":"https:\/\/www.cpvenice.com\/fr\/venise-et-ses-environs\/venezia\/teatro-la-fenice\/","og_locale":"fr_FR","og_type":"article","og_title":"Visiter Venise : Th\u00e9\u00e2tre La Fenice | Crowne Plaza Venice","og_description":"Le Th\u00e9\u00e2tre La Fenice, apr\u00e8s \u00eatre ren\u00e9 de ses cendres comme la cr\u00e9ature mythologique, est le principal op\u00e9ra de Venise et l'un des plus prestigieux au monde.","og_url":"https:\/\/www.cpvenice.com\/fr\/venise-et-ses-environs\/venezia\/teatro-la-fenice\/","og_site_name":"Crowne Plaza Venice East","article_modified_time":"2024-05-02T13:48:37+00:00","og_image":[{"width":2200,"height":1200,"url":"https:\/\/www.cpvenice.com\/wp-content\/uploads\/sites\/365\/2021\/12\/Crowne-Plaza-Venice-East-Rooms-Standard-Room-King-Accessible-bed.jpg","type":"image\/jpeg"}],"twitter_card":"summary_large_image","twitter_misc":{"Dur\u00e9e de lecture estim\u00e9e":"1 minute"},"schema":{"@context":"https:\/\/schema.org","@graph":[{"@type":"WebPage","@id":"https:\/\/www.cpvenice.com\/fr\/venise-et-ses-environs\/venezia\/teatro-la-fenice\/","url":"https:\/\/www.cpvenice.com\/fr\/venise-et-ses-environs\/venezia\/teatro-la-fenice\/","name":"Visiter Venise : Th\u00e9\u00e2tre La Fenice | Crowne Plaza Venice","isPartOf":{"@id":"https:\/\/www.cpvenice.com\/fr\/#website"},"datePublished":"2022-12-27T19:40:26+00:00","dateModified":"2024-05-02T13:48:37+00:00","description":"Le Th\u00e9\u00e2tre La Fenice, apr\u00e8s \u00eatre ren\u00e9 de ses cendres comme la cr\u00e9ature mythologique, est le principal op\u00e9ra de Venise et l'un des plus prestigieux au monde.","breadcrumb":{"@id":"https:\/\/www.cpvenice.com\/fr\/venise-et-ses-environs\/venezia\/teatro-la-fenice\/#breadcrumb"},"inLanguage":"fr-FR","potentialAction":[{"@type":"ReadAction","target":["https:\/\/www.cpvenice.com\/fr\/venise-et-ses-environs\/venezia\/teatro-la-fenice\/"]}]},{"@type":"BreadcrumbList","@id":"https:\/\/www.cpvenice.com\/fr\/venise-et-ses-environs\/venezia\/teatro-la-fenice\/#breadcrumb","itemListElement":[{"@type":"ListItem","position":1,"name":"Home","item":"https:\/\/www.cpvenice.com\/fr\/"},{"@type":"ListItem","position":2,"name":"Venise et ses environs","item":"https:\/\/www.cpvenice.com\/fr\/venise-et-ses-environs\/"},{"@type":"ListItem","position":3,"name":"Venise","item":"https:\/\/www.cpvenice.com\/fr\/venise-et-ses-environs\/venezia\/"},{"@type":"ListItem","position":4,"name":"Th\u00e9\u00e2tre La Fenice"}]},{"@type":"WebSite","@id":"https:\/\/www.cpvenice.com\/fr\/#website","url":"https:\/\/www.cpvenice.com\/fr\/","name":"Crowne Plaza Venice East","description":"Just another ms.decms.eu site","potentialAction":[{"@type":"SearchAction","target":{"@type":"EntryPoint","urlTemplate":"https:\/\/www.cpvenice.com\/fr\/?s={search_term_string}"},"query-input":{"@type":"PropertyValueSpecification","valueRequired":true,"valueName":"search_term_string"}}],"inLanguage":"fr-FR"}]}},"acf":[],"_links":{"self":[{"href":"https:\/\/www.cpvenice.com\/fr\/wp-json\/wp\/v2\/pages\/814","targetHints":{"allow":["GET"]}}],"collection":[{"href":"https:\/\/www.cpvenice.com\/fr\/wp-json\/wp\/v2\/pages"}],"about":[{"href":"https:\/\/www.cpvenice.com\/fr\/wp-json\/wp\/v2\/types\/page"}],"author":[{"embeddable":true,"href":"https:\/\/www.cpvenice.com\/fr\/wp-json\/wp\/v2\/users\/125"}],"replies":[{"embeddable":true,"href":"https:\/\/www.cpvenice.com\/fr\/wp-json\/wp\/v2\/comments?post=814"}],"version-history":[{"count":0,"href":"https:\/\/www.cpvenice.com\/fr\/wp-json\/wp\/v2\/pages\/814\/revisions"}],"up":[{"embeddable":true,"href":"https:\/\/www.cpvenice.com\/fr\/wp-json\/wp\/v2\/pages\/801"}],"wp:attachment":[{"href":"https:\/\/www.cpvenice.com\/fr\/wp-json\/wp\/v2\/media?parent=814"}],"curies":[{"name":"wp","href":"https:\/\/api.w.org\/{rel}","templated":true}]}}