{"id":816,"date":"2021-10-25T10:26:57","date_gmt":"2021-10-25T10:26:57","guid":{"rendered":"https:\/\/www.cpvenice.com\/venezia-e-dintorni\/nei-dintorni\/"},"modified":"2024-05-21T09:33:23","modified_gmt":"2024-05-21T09:33:23","slug":"nei-dintorni","status":"publish","type":"page","link":"https:\/\/www.cpvenice.com\/fr\/venise-et-ses-environs\/nei-dintorni\/","title":{"rendered":"Dans les environs"},"content":{"rendered":"<p>Venise, mais pas que ! Le moderne Hotel 4 \u00e9toiles Crowne Plaza Venice East de <strong>Quarto d&rsquo;Altino<\/strong> est \u00e9galement un excellent point de d\u00e9part de multiples <strong>itin\u00e9raires pour partir \u00e0 la d\u00e9couverte de l&rsquo;arri\u00e8re-pays v\u00e9nitien<\/strong>: le site arch\u00e9ologique d&rsquo;Altino, Tr\u00e9vise et la Marche tr\u00e9visane, Padoue et enfin Jesolo, pour les inconditionnels de la mer.<\/p>\n","protected":false},"excerpt":{"rendered":"<p>Venise, mais pas que ! Le moderne Hotel 4 \u00e9toiles Crowne Plaza Venice East de Quarto d&rsquo;Altino est \u00e9galement un excellent point de d\u00e9part de multiples itin\u00e9raires pour partir \u00e0 la d\u00e9couverte de l&rsquo;arri\u00e8re-pays v\u00e9nitien: le site arch\u00e9ologique d&rsquo;Altino, Tr\u00e9vise et la Marche tr\u00e9visane, Padoue et enfin Jesolo, pour les inconditionnels de la mer.<\/p>\n","protected":false},"author":36,"featured_media":0,"parent":799,"menu_order":10,"comment_status":"closed","ping_status":"closed","template":"template-surroundings.php","meta":{"footnotes":""},"class_list":["post-816","page","type-page","status-publish","hentry"],"yoast_head":"<!-- This site is optimized with the Yoast SEO plugin v26.9 - https:\/\/yoast.com\/product\/yoast-seo-wordpress\/ -->\n<title>Nei dintorni di Venezia: Treviso, Padova, Jesolo | Crowne Plaza Venice<\/title>\n<meta name=\"description\" content=\"A pochi chilometri di distanza, in terraferma, potrai visitare altre meravigliose localit\u00e0: Altino, Treviso, Padova e Jesolo. Scoprile con noi!\" \/>\n<meta name=\"robots\" content=\"index, follow, max-snippet:-1, max-image-preview:large, max-video-preview:-1\" \/>\n<link rel=\"canonical\" href=\"https:\/\/www.cpvenice.com\/fr\/venise-et-ses-environs\/nei-dintorni\/\" \/>\n<meta property=\"og:locale\" content=\"fr_FR\" \/>\n<meta property=\"og:type\" content=\"article\" \/>\n<meta property=\"og:title\" content=\"Nei dintorni di Venezia: Treviso, Padova, Jesolo | Crowne Plaza Venice\" \/>\n<meta property=\"og:description\" content=\"A pochi chilometri di distanza, in terraferma, potrai visitare altre meravigliose localit\u00e0: Altino, Treviso, Padova e Jesolo. Scoprile con noi!\" \/>\n<meta property=\"og:url\" content=\"https:\/\/www.cpvenice.com\/fr\/venise-et-ses-environs\/nei-dintorni\/\" \/>\n<meta property=\"og:site_name\" content=\"Crowne Plaza Venice East\" \/>\n<meta property=\"article:modified_time\" content=\"2024-05-21T09:33:23+00:00\" \/>\n<meta property=\"og:image\" content=\"https:\/\/www.cpvenice.com\/wp-content\/uploads\/sites\/365\/2021\/12\/Crowne-Plaza-Venice-East-Rooms-Standard-Room-King-Accessible-bed.jpg\" \/>\n\t<meta property=\"og:image:width\" content=\"2200\" \/>\n\t<meta property=\"og:image:height\" content=\"1200\" \/>\n\t<meta property=\"og:image:type\" content=\"image\/jpeg\" \/>\n<meta name=\"twitter:card\" content=\"summary_large_image\" \/>\n<meta name=\"twitter:label1\" content=\"Dur\u00e9e de lecture estim\u00e9e\" \/>\n\t<meta name=\"twitter:data1\" content=\"1 minute\" \/>\n<script type=\"application\/ld+json\" class=\"yoast-schema-graph\">{\"@context\":\"https:\/\/schema.org\",\"@graph\":[{\"@type\":\"WebPage\",\"@id\":\"https:\/\/www.cpvenice.com\/fr\/venise-et-ses-environs\/nei-dintorni\/\",\"url\":\"https:\/\/www.cpvenice.com\/fr\/venise-et-ses-environs\/nei-dintorni\/\",\"name\":\"Nei dintorni di Venezia: Treviso, Padova, Jesolo | Crowne Plaza Venice\",\"isPartOf\":{\"@id\":\"https:\/\/www.cpvenice.com\/fr\/#website\"},\"datePublished\":\"2021-10-25T10:26:57+00:00\",\"dateModified\":\"2024-05-21T09:33:23+00:00\",\"description\":\"A pochi chilometri di distanza, in terraferma, potrai visitare altre meravigliose localit\u00e0: Altino, Treviso, Padova e Jesolo. Scoprile con noi!\",\"breadcrumb\":{\"@id\":\"https:\/\/www.cpvenice.com\/fr\/venise-et-ses-environs\/nei-dintorni\/#breadcrumb\"},\"inLanguage\":\"fr-FR\",\"potentialAction\":[{\"@type\":\"ReadAction\",\"target\":[\"https:\/\/www.cpvenice.com\/fr\/venise-et-ses-environs\/nei-dintorni\/\"]}]},{\"@type\":\"BreadcrumbList\",\"@id\":\"https:\/\/www.cpvenice.com\/fr\/venise-et-ses-environs\/nei-dintorni\/#breadcrumb\",\"itemListElement\":[{\"@type\":\"ListItem\",\"position\":1,\"name\":\"Home\",\"item\":\"https:\/\/www.cpvenice.com\/fr\/\"},{\"@type\":\"ListItem\",\"position\":2,\"name\":\"Venise et ses environs\",\"item\":\"https:\/\/www.cpvenice.com\/fr\/venise-et-ses-environs\/\"},{\"@type\":\"ListItem\",\"position\":3,\"name\":\"Dans les environs\"}]},{\"@type\":\"WebSite\",\"@id\":\"https:\/\/www.cpvenice.com\/fr\/#website\",\"url\":\"https:\/\/www.cpvenice.com\/fr\/\",\"name\":\"Crowne Plaza Venice East\",\"description\":\"Just another ms.decms.eu site\",\"potentialAction\":[{\"@type\":\"SearchAction\",\"target\":{\"@type\":\"EntryPoint\",\"urlTemplate\":\"https:\/\/www.cpvenice.com\/fr\/?s={search_term_string}\"},\"query-input\":{\"@type\":\"PropertyValueSpecification\",\"valueRequired\":true,\"valueName\":\"search_term_string\"}}],\"inLanguage\":\"fr-FR\"}]}<\/script>\n<!-- \/ Yoast SEO plugin. -->","yoast_head_json":{"title":"Nei dintorni di Venezia: Treviso, Padova, Jesolo | Crowne Plaza Venice","description":"A pochi chilometri di distanza, in terraferma, potrai visitare altre meravigliose localit\u00e0: Altino, Treviso, Padova e Jesolo. Scoprile con noi!","robots":{"index":"index","follow":"follow","max-snippet":"max-snippet:-1","max-image-preview":"max-image-preview:large","max-video-preview":"max-video-preview:-1"},"canonical":"https:\/\/www.cpvenice.com\/fr\/venise-et-ses-environs\/nei-dintorni\/","og_locale":"fr_FR","og_type":"article","og_title":"Nei dintorni di Venezia: Treviso, Padova, Jesolo | Crowne Plaza Venice","og_description":"A pochi chilometri di distanza, in terraferma, potrai visitare altre meravigliose localit\u00e0: Altino, Treviso, Padova e Jesolo. Scoprile con noi!","og_url":"https:\/\/www.cpvenice.com\/fr\/venise-et-ses-environs\/nei-dintorni\/","og_site_name":"Crowne Plaza Venice East","article_modified_time":"2024-05-21T09:33:23+00:00","og_image":[{"width":2200,"height":1200,"url":"https:\/\/www.cpvenice.com\/wp-content\/uploads\/sites\/365\/2021\/12\/Crowne-Plaza-Venice-East-Rooms-Standard-Room-King-Accessible-bed.jpg","type":"image\/jpeg"}],"twitter_card":"summary_large_image","twitter_misc":{"Dur\u00e9e de lecture estim\u00e9e":"1 minute"},"schema":{"@context":"https:\/\/schema.org","@graph":[{"@type":"WebPage","@id":"https:\/\/www.cpvenice.com\/fr\/venise-et-ses-environs\/nei-dintorni\/","url":"https:\/\/www.cpvenice.com\/fr\/venise-et-ses-environs\/nei-dintorni\/","name":"Nei dintorni di Venezia: Treviso, Padova, Jesolo | Crowne Plaza Venice","isPartOf":{"@id":"https:\/\/www.cpvenice.com\/fr\/#website"},"datePublished":"2021-10-25T10:26:57+00:00","dateModified":"2024-05-21T09:33:23+00:00","description":"A pochi chilometri di distanza, in terraferma, potrai visitare altre meravigliose localit\u00e0: Altino, Treviso, Padova e Jesolo. Scoprile con noi!","breadcrumb":{"@id":"https:\/\/www.cpvenice.com\/fr\/venise-et-ses-environs\/nei-dintorni\/#breadcrumb"},"inLanguage":"fr-FR","potentialAction":[{"@type":"ReadAction","target":["https:\/\/www.cpvenice.com\/fr\/venise-et-ses-environs\/nei-dintorni\/"]}]},{"@type":"BreadcrumbList","@id":"https:\/\/www.cpvenice.com\/fr\/venise-et-ses-environs\/nei-dintorni\/#breadcrumb","itemListElement":[{"@type":"ListItem","position":1,"name":"Home","item":"https:\/\/www.cpvenice.com\/fr\/"},{"@type":"ListItem","position":2,"name":"Venise et ses environs","item":"https:\/\/www.cpvenice.com\/fr\/venise-et-ses-environs\/"},{"@type":"ListItem","position":3,"name":"Dans les environs"}]},{"@type":"WebSite","@id":"https:\/\/www.cpvenice.com\/fr\/#website","url":"https:\/\/www.cpvenice.com\/fr\/","name":"Crowne Plaza Venice East","description":"Just another ms.decms.eu site","potentialAction":[{"@type":"SearchAction","target":{"@type":"EntryPoint","urlTemplate":"https:\/\/www.cpvenice.com\/fr\/?s={search_term_string}"},"query-input":{"@type":"PropertyValueSpecification","valueRequired":true,"valueName":"search_term_string"}}],"inLanguage":"fr-FR"}]}},"acf":[],"_links":{"self":[{"href":"https:\/\/www.cpvenice.com\/fr\/wp-json\/wp\/v2\/pages\/816","targetHints":{"allow":["GET"]}}],"collection":[{"href":"https:\/\/www.cpvenice.com\/fr\/wp-json\/wp\/v2\/pages"}],"about":[{"href":"https:\/\/www.cpvenice.com\/fr\/wp-json\/wp\/v2\/types\/page"}],"author":[{"embeddable":true,"href":"https:\/\/www.cpvenice.com\/fr\/wp-json\/wp\/v2\/users\/36"}],"replies":[{"embeddable":true,"href":"https:\/\/www.cpvenice.com\/fr\/wp-json\/wp\/v2\/comments?post=816"}],"version-history":[{"count":0,"href":"https:\/\/www.cpvenice.com\/fr\/wp-json\/wp\/v2\/pages\/816\/revisions"}],"up":[{"embeddable":true,"href":"https:\/\/www.cpvenice.com\/fr\/wp-json\/wp\/v2\/pages\/799"}],"wp:attachment":[{"href":"https:\/\/www.cpvenice.com\/fr\/wp-json\/wp\/v2\/media?parent=816"}],"curies":[{"name":"wp","href":"https:\/\/api.w.org\/{rel}","templated":true}]}}