{"id":817,"date":"2021-10-25T12:54:57","date_gmt":"2021-10-25T12:54:57","guid":{"rendered":"https:\/\/www.cpvenice.com\/dove-siamo\/"},"modified":"2024-06-06T09:32:20","modified_gmt":"2024-06-06T09:32:20","slug":"dove-siamo","status":"publish","type":"page","link":"https:\/\/www.cpvenice.com\/fr\/dove-siamo\/","title":{"rendered":"Localisation"},"content":{"rendered":"<p>Pour votre prochain voyage \u00e0 Venise, choisissez l&rsquo;<strong>emplacement strat\u00e9gique<\/strong> du Crowne Plaza Venice East, un moderne <strong>h\u00f4tel 4 \u00e9toiles situ\u00e9 \u00e0 Quarto d&rsquo;Altino<\/strong>. Gr\u00e2ce \u00e0 sa proximit\u00e9 avec les a\u00e9roports de Venise et de Tr\u00e9vise, le port de Venise et les principales bretelles d\u2019autoroute, le Crowne Plaza vous permet de <strong>rejoindre facilement Venise<\/strong> et de d\u00e9couvrir tous les sites d&rsquo;int\u00e9r\u00eat de l&rsquo;arri\u00e8re-pays. Notre structure est en effet situ\u00e9e \u00e0 :<\/p>\n<p>\u25cf 250 m de la gare de Quarto d&rsquo;Altino, d&rsquo;o\u00f9 vous pouvez rapidement rejoindre Venise<br \/>\n\u25cf 15 min de l&rsquo;a\u00e9roport Marco Polo de Venise<br \/>\n\u25cf 25 min de l&rsquo;a\u00e9roport Antonio Canova de Tr\u00e9vise<\/p>\n<p>En outre, vous trouverez ici tout le confort d&rsquo;un moderne h\u00f4tel 4 \u00e9toiles, comme un <strong>grand parking ext\u00e9rieur gratuit<\/strong>, et <strong>garage couvert avec bornes de recharge Tesla<\/strong>, un service de navette vers l&rsquo;a\u00e9roport, un <strong>restaurant et un bar<\/strong> internes, ainsi qu&rsquo;une <strong>salle de fitness<\/strong>.<\/p>\n","protected":false},"excerpt":{"rendered":"<p>Pour votre prochain voyage \u00e0 Venise, choisissez l&rsquo;emplacement strat\u00e9gique du Crowne Plaza Venice East, un moderne h\u00f4tel 4 \u00e9toiles situ\u00e9 \u00e0 Quarto d&rsquo;Altino. Gr\u00e2ce \u00e0 sa proximit\u00e9 avec les a\u00e9roports de Venise et de Tr\u00e9vise, le port de Venise et les principales bretelles d\u2019autoroute, le Crowne Plaza vous permet de rejoindre facilement Venise et de [&hellip;]<\/p>\n","protected":false},"author":36,"featured_media":0,"parent":0,"menu_order":70,"comment_status":"closed","ping_status":"closed","template":"template-location.php","meta":{"footnotes":""},"class_list":["post-817","page","type-page","status-publish","hentry"],"yoast_head":"<!-- This site is optimized with the Yoast SEO plugin v26.9 - https:\/\/yoast.com\/product\/yoast-seo-wordpress\/ -->\n<title>Quarto d&#039;Altino vicino a Mestre e Venezia | Crowne Plaza Venice<\/title>\n<meta name=\"description\" content=\"Siamo a Quarto d\u2019Altino, tra la Tangenziale e il Passante di Mestre. L&#039;hotel si trova di fronte alla Stazione di Quarto d&#039;Altino, a pochi minuti da Mestre e Venezia.\" \/>\n<meta name=\"robots\" content=\"index, follow, max-snippet:-1, max-image-preview:large, max-video-preview:-1\" \/>\n<link rel=\"canonical\" href=\"https:\/\/www.cpvenice.com\/fr\/dove-siamo\/\" \/>\n<meta property=\"og:locale\" content=\"fr_FR\" \/>\n<meta property=\"og:type\" content=\"article\" \/>\n<meta property=\"og:title\" content=\"Quarto d&#039;Altino vicino a Mestre e Venezia | Crowne Plaza Venice\" \/>\n<meta property=\"og:description\" content=\"Siamo a Quarto d\u2019Altino, tra la Tangenziale e il Passante di Mestre. L&#039;hotel si trova di fronte alla Stazione di Quarto d&#039;Altino, a pochi minuti da Mestre e Venezia.\" \/>\n<meta property=\"og:url\" content=\"https:\/\/www.cpvenice.com\/fr\/dove-siamo\/\" \/>\n<meta property=\"og:site_name\" content=\"Crowne Plaza Venice East\" \/>\n<meta property=\"article:modified_time\" content=\"2024-06-06T09:32:20+00:00\" \/>\n<meta property=\"og:image\" content=\"https:\/\/www.cpvenice.com\/wp-content\/uploads\/sites\/365\/2021\/12\/Crowne-Plaza-Venice-East-Rooms-Standard-Room-King-Accessible-bed.jpg\" \/>\n\t<meta property=\"og:image:width\" content=\"2200\" \/>\n\t<meta property=\"og:image:height\" content=\"1200\" \/>\n\t<meta property=\"og:image:type\" content=\"image\/jpeg\" \/>\n<meta name=\"twitter:card\" content=\"summary_large_image\" \/>\n<meta name=\"twitter:label1\" content=\"Dur\u00e9e de lecture estim\u00e9e\" \/>\n\t<meta name=\"twitter:data1\" content=\"1 minute\" \/>\n<script type=\"application\/ld+json\" class=\"yoast-schema-graph\">{\"@context\":\"https:\/\/schema.org\",\"@graph\":[{\"@type\":\"WebPage\",\"@id\":\"https:\/\/www.cpvenice.com\/fr\/dove-siamo\/\",\"url\":\"https:\/\/www.cpvenice.com\/fr\/dove-siamo\/\",\"name\":\"Quarto d'Altino vicino a Mestre e Venezia | Crowne Plaza Venice\",\"isPartOf\":{\"@id\":\"https:\/\/www.cpvenice.com\/fr\/#website\"},\"datePublished\":\"2021-10-25T12:54:57+00:00\",\"dateModified\":\"2024-06-06T09:32:20+00:00\",\"description\":\"Siamo a Quarto d\u2019Altino, tra la Tangenziale e il Passante di Mestre. L'hotel si trova di fronte alla Stazione di Quarto d'Altino, a pochi minuti da Mestre e Venezia.\",\"breadcrumb\":{\"@id\":\"https:\/\/www.cpvenice.com\/fr\/dove-siamo\/#breadcrumb\"},\"inLanguage\":\"fr-FR\",\"potentialAction\":[{\"@type\":\"ReadAction\",\"target\":[\"https:\/\/www.cpvenice.com\/fr\/dove-siamo\/\"]}]},{\"@type\":\"BreadcrumbList\",\"@id\":\"https:\/\/www.cpvenice.com\/fr\/dove-siamo\/#breadcrumb\",\"itemListElement\":[{\"@type\":\"ListItem\",\"position\":1,\"name\":\"Home\",\"item\":\"https:\/\/www.cpvenice.com\/fr\/\"},{\"@type\":\"ListItem\",\"position\":2,\"name\":\"Localisation\"}]},{\"@type\":\"WebSite\",\"@id\":\"https:\/\/www.cpvenice.com\/fr\/#website\",\"url\":\"https:\/\/www.cpvenice.com\/fr\/\",\"name\":\"Crowne Plaza Venice East\",\"description\":\"Just another ms.decms.eu site\",\"potentialAction\":[{\"@type\":\"SearchAction\",\"target\":{\"@type\":\"EntryPoint\",\"urlTemplate\":\"https:\/\/www.cpvenice.com\/fr\/?s={search_term_string}\"},\"query-input\":{\"@type\":\"PropertyValueSpecification\",\"valueRequired\":true,\"valueName\":\"search_term_string\"}}],\"inLanguage\":\"fr-FR\"}]}<\/script>\n<!-- \/ Yoast SEO plugin. -->","yoast_head_json":{"title":"Quarto d'Altino vicino a Mestre e Venezia | Crowne Plaza Venice","description":"Siamo a Quarto d\u2019Altino, tra la Tangenziale e il Passante di Mestre. L'hotel si trova di fronte alla Stazione di Quarto d'Altino, a pochi minuti da Mestre e Venezia.","robots":{"index":"index","follow":"follow","max-snippet":"max-snippet:-1","max-image-preview":"max-image-preview:large","max-video-preview":"max-video-preview:-1"},"canonical":"https:\/\/www.cpvenice.com\/fr\/dove-siamo\/","og_locale":"fr_FR","og_type":"article","og_title":"Quarto d'Altino vicino a Mestre e Venezia | Crowne Plaza Venice","og_description":"Siamo a Quarto d\u2019Altino, tra la Tangenziale e il Passante di Mestre. L'hotel si trova di fronte alla Stazione di Quarto d'Altino, a pochi minuti da Mestre e Venezia.","og_url":"https:\/\/www.cpvenice.com\/fr\/dove-siamo\/","og_site_name":"Crowne Plaza Venice East","article_modified_time":"2024-06-06T09:32:20+00:00","og_image":[{"width":2200,"height":1200,"url":"https:\/\/www.cpvenice.com\/wp-content\/uploads\/sites\/365\/2021\/12\/Crowne-Plaza-Venice-East-Rooms-Standard-Room-King-Accessible-bed.jpg","type":"image\/jpeg"}],"twitter_card":"summary_large_image","twitter_misc":{"Dur\u00e9e de lecture estim\u00e9e":"1 minute"},"schema":{"@context":"https:\/\/schema.org","@graph":[{"@type":"WebPage","@id":"https:\/\/www.cpvenice.com\/fr\/dove-siamo\/","url":"https:\/\/www.cpvenice.com\/fr\/dove-siamo\/","name":"Quarto d'Altino vicino a Mestre e Venezia | Crowne Plaza Venice","isPartOf":{"@id":"https:\/\/www.cpvenice.com\/fr\/#website"},"datePublished":"2021-10-25T12:54:57+00:00","dateModified":"2024-06-06T09:32:20+00:00","description":"Siamo a Quarto d\u2019Altino, tra la Tangenziale e il Passante di Mestre. L'hotel si trova di fronte alla Stazione di Quarto d'Altino, a pochi minuti da Mestre e Venezia.","breadcrumb":{"@id":"https:\/\/www.cpvenice.com\/fr\/dove-siamo\/#breadcrumb"},"inLanguage":"fr-FR","potentialAction":[{"@type":"ReadAction","target":["https:\/\/www.cpvenice.com\/fr\/dove-siamo\/"]}]},{"@type":"BreadcrumbList","@id":"https:\/\/www.cpvenice.com\/fr\/dove-siamo\/#breadcrumb","itemListElement":[{"@type":"ListItem","position":1,"name":"Home","item":"https:\/\/www.cpvenice.com\/fr\/"},{"@type":"ListItem","position":2,"name":"Localisation"}]},{"@type":"WebSite","@id":"https:\/\/www.cpvenice.com\/fr\/#website","url":"https:\/\/www.cpvenice.com\/fr\/","name":"Crowne Plaza Venice East","description":"Just another ms.decms.eu site","potentialAction":[{"@type":"SearchAction","target":{"@type":"EntryPoint","urlTemplate":"https:\/\/www.cpvenice.com\/fr\/?s={search_term_string}"},"query-input":{"@type":"PropertyValueSpecification","valueRequired":true,"valueName":"search_term_string"}}],"inLanguage":"fr-FR"}]}},"acf":[],"_links":{"self":[{"href":"https:\/\/www.cpvenice.com\/fr\/wp-json\/wp\/v2\/pages\/817","targetHints":{"allow":["GET"]}}],"collection":[{"href":"https:\/\/www.cpvenice.com\/fr\/wp-json\/wp\/v2\/pages"}],"about":[{"href":"https:\/\/www.cpvenice.com\/fr\/wp-json\/wp\/v2\/types\/page"}],"author":[{"embeddable":true,"href":"https:\/\/www.cpvenice.com\/fr\/wp-json\/wp\/v2\/users\/36"}],"replies":[{"embeddable":true,"href":"https:\/\/www.cpvenice.com\/fr\/wp-json\/wp\/v2\/comments?post=817"}],"version-history":[{"count":0,"href":"https:\/\/www.cpvenice.com\/fr\/wp-json\/wp\/v2\/pages\/817\/revisions"}],"wp:attachment":[{"href":"https:\/\/www.cpvenice.com\/fr\/wp-json\/wp\/v2\/media?parent=817"}],"curies":[{"name":"wp","href":"https:\/\/api.w.org\/{rel}","templated":true}]}}